{"id":952,"date":"2023-07-22T11:48:57","date_gmt":"2023-07-22T09:48:57","guid":{"rendered":"https:\/\/carolinasbroderi.se\/?post_type=product&#038;p=952"},"modified":"2026-04-12T03:43:56","modified_gmt":"2026-04-12T01:43:56","slug":"brollopsminne-fran-1836","status":"publish","type":"product","link":"https:\/\/carolinasbroderi.se\/en\/product\/brollopsminne-fran-1836\/","title":{"rendered":"Wedding sampler from 1836"},"content":{"rendered":"<p>I created this pattern based on a cross-stitch wedding sampler from 1836.<br \/>\nUnfortunately it is not an exact reproduction. I was unable to interpret the entire text in the original. The original is embroidered on linen with uneven stitches; here I have converted it into counted cross stitch so that more people can enjoy the pattern.<\/p>\n<p>You embroider the entire heart using a single color. An alphabet and numbers are included, so you can choose your own text. It fits, for example, in a frame that is 30 \u00d7 40 cm.<\/p>\n<p><strong>The ZIP file includes:<\/strong><\/p>\n<ul>\n<li>Pattern in color and grayscale<\/li>\n<li>Pattern with alphabet letters and numbers<\/li>\n<li>Pattern for Pattern Keeper<\/li>\n<li>Color key<\/li>\n<li>Instructions<\/li>\n<\/ul>","protected":false},"excerpt":{"rendered":"<p>Traditional cross-stitch pattern after a wedding sampler from 1836.<br data-start=\"853\" data-end=\"856\" \/>The classic heart is stitched in one color, and the alphabet is included so that you can choose your own name and year.<\/p>","protected":false},"featured_media":1538,"comment_status":"closed","ping_status":"closed","template":"","meta":{"_crdt_document":""},"product_brand":[],"product_cat":[27,49],"product_tag":[],"class_list":{"0":"post-952","1":"product","2":"type-product","3":"status-publish","4":"has-post-thumbnail","6":"product_cat-korsstygn","7":"product_cat-reproduktioner","9":"first","10":"instock","11":"downloadable","12":"virtual","13":"taxable","14":"purchasable","15":"product-type-simple"},"yoast_head":"<!-- This site is optimized with the Yoast SEO Premium plugin v27.3 (Yoast SEO v27.3) - https:\/\/yoast.com\/product\/yoast-seo-premium-wordpress\/ -->\n<title>Br\u00f6llopsminne fr\u00e5n 1836 - Carolinas Broderi<\/title>\n<meta name=\"description\" content=\"Du kan brodera detta br\u00f6llopsminne i korsstygn fr\u00e5n 1836 i en och samma f\u00e4rg. Ett alfabet och siffror ing\u00e5r, s\u00e5 att du kan v\u00e4lja din egen text.\" \/>\n<meta name=\"robots\" content=\"index, follow, max-snippet:-1, max-image-preview:large, max-video-preview:-1\" \/>\n<link rel=\"canonical\" href=\"https:\/\/carolinasbroderi.se\/en\/product\/brollopsminne-fran-1836\/\" \/>\n<meta property=\"og:locale\" content=\"en_US\" \/>\n<meta property=\"og:type\" content=\"article\" \/>\n<meta property=\"og:title\" content=\"Br\u00f6llopsminne fr\u00e5n 1836\" \/>\n<meta property=\"og:description\" content=\"Du kan brodera detta br\u00f6llopsminne i korsstygn fr\u00e5n 1836 i en och samma f\u00e4rg. Ett alfabet och siffror ing\u00e5r, s\u00e5 att du kan v\u00e4lja din egen text.\" \/>\n<meta property=\"og:url\" content=\"https:\/\/carolinasbroderi.se\/en\/product\/brollopsminne-fran-1836\/\" \/>\n<meta property=\"og:site_name\" content=\"Carolinas Broderi\" \/>\n<meta property=\"article:publisher\" content=\"https:\/\/www.facebook.com\/carolinasbroderi\" \/>\n<meta property=\"article:modified_time\" content=\"2026-04-12T01:43:56+00:00\" \/>\n<meta property=\"og:image\" content=\"https:\/\/carolinasbroderi.se\/wp-content\/uploads\/2023\/07\/1836-Framed-30x40-800.png\" \/>\n\t<meta property=\"og:image:width\" content=\"800\" \/>\n\t<meta property=\"og:image:height\" content=\"800\" \/>\n\t<meta property=\"og:image:type\" content=\"image\/png\" \/>\n<meta name=\"twitter:card\" content=\"summary_large_image\" \/>\n<meta name=\"twitter:site\" content=\"@carrosbroderi\" \/>\n<meta name=\"twitter:label1\" content=\"Price\" \/>\n\t<meta name=\"twitter:data1\" content=\"55&nbsp;&#107;&#114;\" \/>\n\t<meta name=\"twitter:label2\" content=\"Availability\" \/>\n\t<meta name=\"twitter:data2\" content=\"In stock\" \/>\n<script type=\"application\/ld+json\" class=\"yoast-schema-graph\">{\"@context\":\"https:\\\/\\\/schema.org\",\"@graph\":[{\"@type\":\"WebPage\",\"@id\":\"https:\\\/\\\/carolinasbroderi.se\\\/produkt\\\/brollopsminne-fran-1836\\\/\",\"url\":\"https:\\\/\\\/carolinasbroderi.se\\\/produkt\\\/brollopsminne-fran-1836\\\/\",\"name\":\"Br\u00f6llopsminne fr\u00e5n 1836 - Carolinas Broderi\",\"isPartOf\":{\"@id\":\"https:\\\/\\\/carolinasbroderi.se\\\/#website\"},\"primaryImageOfPage\":{\"@id\":\"https:\\\/\\\/carolinasbroderi.se\\\/produkt\\\/brollopsminne-fran-1836\\\/#primaryimage\"},\"image\":{\"@id\":\"https:\\\/\\\/carolinasbroderi.se\\\/produkt\\\/brollopsminne-fran-1836\\\/#primaryimage\"},\"thumbnailUrl\":\"https:\\\/\\\/carolinasbroderi.se\\\/wp-content\\\/uploads\\\/2023\\\/07\\\/1836-Framed-30x40-800.png\",\"datePublished\":\"2023-07-22T09:48:57+00:00\",\"dateModified\":\"2026-04-12T01:43:56+00:00\",\"description\":\"Du kan brodera detta br\u00f6llopsminne i korsstygn fr\u00e5n 1836 i en och samma f\u00e4rg. Ett alfabet och siffror ing\u00e5r, s\u00e5 att du kan v\u00e4lja din egen text.\",\"breadcrumb\":{\"@id\":\"https:\\\/\\\/carolinasbroderi.se\\\/produkt\\\/brollopsminne-fran-1836\\\/#breadcrumb\"},\"inLanguage\":\"en-US\",\"potentialAction\":[{\"@type\":\"ReadAction\",\"target\":[\"https:\\\/\\\/carolinasbroderi.se\\\/produkt\\\/brollopsminne-fran-1836\\\/\"]}]},{\"@type\":\"ImageObject\",\"inLanguage\":\"en-US\",\"@id\":\"https:\\\/\\\/carolinasbroderi.se\\\/produkt\\\/brollopsminne-fran-1836\\\/#primaryimage\",\"url\":\"https:\\\/\\\/carolinasbroderi.se\\\/wp-content\\\/uploads\\\/2023\\\/07\\\/1836-Framed-30x40-800.png\",\"contentUrl\":\"https:\\\/\\\/carolinasbroderi.se\\\/wp-content\\\/uploads\\\/2023\\\/07\\\/1836-Framed-30x40-800.png\",\"width\":800,\"height\":800,\"caption\":\"Traditionellt br\u00f6llopsbroderi med hj\u00e4rta i m\u00f6rkrosa korsstygn.\"},{\"@type\":\"BreadcrumbList\",\"@id\":\"https:\\\/\\\/carolinasbroderi.se\\\/produkt\\\/brollopsminne-fran-1836\\\/#breadcrumb\",\"itemListElement\":[{\"@type\":\"ListItem\",\"position\":1,\"name\":\"Hem\",\"item\":\"https:\\\/\\\/carolinasbroderi.se\\\/\"},{\"@type\":\"ListItem\",\"position\":2,\"name\":\"Ladda ner ett m\u00f6nster och b\u00f6rja brodera direkt\",\"item\":\"https:\\\/\\\/carolinasbroderi.se\\\/\"},{\"@type\":\"ListItem\",\"position\":3,\"name\":\"Br\u00f6llopsminne fr\u00e5n 1836\"}]},{\"@type\":\"WebSite\",\"@id\":\"https:\\\/\\\/carolinasbroderi.se\\\/#website\",\"url\":\"https:\\\/\\\/carolinasbroderi.se\\\/\",\"name\":\"Carolinas Broderi\",\"description\":\"Nedladdningsbara broderim\u00f6nster\",\"publisher\":{\"@id\":\"https:\\\/\\\/carolinasbroderi.se\\\/#organization\"},\"potentialAction\":[{\"@type\":\"SearchAction\",\"target\":{\"@type\":\"EntryPoint\",\"urlTemplate\":\"https:\\\/\\\/carolinasbroderi.se\\\/?s={search_term_string}\"},\"query-input\":{\"@type\":\"PropertyValueSpecification\",\"valueRequired\":true,\"valueName\":\"search_term_string\"}}],\"inLanguage\":\"en-US\"},{\"@type\":\"Organization\",\"@id\":\"https:\\\/\\\/carolinasbroderi.se\\\/#organization\",\"name\":\"Carolinas Broderi\",\"url\":\"https:\\\/\\\/carolinasbroderi.se\\\/\",\"logo\":{\"@type\":\"ImageObject\",\"inLanguage\":\"en-US\",\"@id\":\"https:\\\/\\\/carolinasbroderi.se\\\/#\\\/schema\\\/logo\\\/image\\\/\",\"url\":\"https:\\\/\\\/carolinasbroderi.se\\\/wp-content\\\/uploads\\\/2022\\\/07\\\/logo.png\",\"contentUrl\":\"https:\\\/\\\/carolinasbroderi.se\\\/wp-content\\\/uploads\\\/2022\\\/07\\\/logo.png\",\"width\":115,\"height\":115,\"caption\":\"Carolinas Broderi\"},\"image\":{\"@id\":\"https:\\\/\\\/carolinasbroderi.se\\\/#\\\/schema\\\/logo\\\/image\\\/\"},\"sameAs\":[\"https:\\\/\\\/www.facebook.com\\\/carolinasbroderi\",\"https:\\\/\\\/x.com\\\/carrosbroderi\",\"https:\\\/\\\/www.instagram.com\\\/carolinasbroderier\\\/\",\"https:\\\/\\\/www.youtube.com\\\/@CarolinasBroderi\",\"https:\\\/\\\/se.pinterest.com\\\/carolinasbroderi\\\/\"],\"description\":\"F\u00f6rs\u00e4ljning av broderim\u00f6nster i egen design och reproduktioner av antika m\u00f6nster\",\"email\":\"carolina@carolinasbroderi.se\",\"vatID\":\"SE791210032301\",\"taxID\":\"SE791210032301\",\"numberOfEmployees\":{\"@type\":\"QuantitativeValue\",\"minValue\":\"1\",\"maxValue\":\"10\"}}]}<\/script>\n<meta property=\"product:price:amount\" content=\"55\" \/>\n<meta property=\"product:price:currency\" content=\"SEK\" \/>\n<meta property=\"og:availability\" content=\"instock\" \/>\n<meta property=\"product:availability\" content=\"instock\" \/>\n<meta property=\"product:retailer_item_id\" content=\"011\" \/>\n<meta property=\"product:condition\" content=\"new\" \/>\n<!-- \/ Yoast SEO Premium plugin. -->","yoast_head_json":{"title":"Br\u00f6llopsminne fr\u00e5n 1836 - Carolinas Broderi","description":"Du kan brodera detta br\u00f6llopsminne i korsstygn fr\u00e5n 1836 i en och samma f\u00e4rg. Ett alfabet och siffror ing\u00e5r, s\u00e5 att du kan v\u00e4lja din egen text.","robots":{"index":"index","follow":"follow","max-snippet":"max-snippet:-1","max-image-preview":"max-image-preview:large","max-video-preview":"max-video-preview:-1"},"canonical":"https:\/\/carolinasbroderi.se\/en\/product\/brollopsminne-fran-1836\/","og_locale":"en_US","og_type":"article","og_title":"Br\u00f6llopsminne fr\u00e5n 1836","og_description":"Du kan brodera detta br\u00f6llopsminne i korsstygn fr\u00e5n 1836 i en och samma f\u00e4rg. Ett alfabet och siffror ing\u00e5r, s\u00e5 att du kan v\u00e4lja din egen text.","og_url":"https:\/\/carolinasbroderi.se\/en\/product\/brollopsminne-fran-1836\/","og_site_name":"Carolinas Broderi","article_publisher":"https:\/\/www.facebook.com\/carolinasbroderi","article_modified_time":"2026-04-12T01:43:56+00:00","og_image":[{"width":800,"height":800,"url":"https:\/\/carolinasbroderi.se\/wp-content\/uploads\/2023\/07\/1836-Framed-30x40-800.png","type":"image\/png"}],"twitter_card":"summary_large_image","twitter_site":"@carrosbroderi","twitter_misc":{"Price":"55&nbsp;&#107;&#114;","Availability":"In stock"},"schema":{"@context":"https:\/\/schema.org","@graph":[{"@type":"WebPage","@id":"https:\/\/carolinasbroderi.se\/produkt\/brollopsminne-fran-1836\/","url":"https:\/\/carolinasbroderi.se\/produkt\/brollopsminne-fran-1836\/","name":"Br\u00f6llopsminne fr\u00e5n 1836 - Carolinas Broderi","isPartOf":{"@id":"https:\/\/carolinasbroderi.se\/#website"},"primaryImageOfPage":{"@id":"https:\/\/carolinasbroderi.se\/produkt\/brollopsminne-fran-1836\/#primaryimage"},"image":{"@id":"https:\/\/carolinasbroderi.se\/produkt\/brollopsminne-fran-1836\/#primaryimage"},"thumbnailUrl":"https:\/\/carolinasbroderi.se\/wp-content\/uploads\/2023\/07\/1836-Framed-30x40-800.png","datePublished":"2023-07-22T09:48:57+00:00","dateModified":"2026-04-12T01:43:56+00:00","description":"Du kan brodera detta br\u00f6llopsminne i korsstygn fr\u00e5n 1836 i en och samma f\u00e4rg. Ett alfabet och siffror ing\u00e5r, s\u00e5 att du kan v\u00e4lja din egen text.","breadcrumb":{"@id":"https:\/\/carolinasbroderi.se\/produkt\/brollopsminne-fran-1836\/#breadcrumb"},"inLanguage":"en-US","potentialAction":[{"@type":"ReadAction","target":["https:\/\/carolinasbroderi.se\/produkt\/brollopsminne-fran-1836\/"]}]},{"@type":"ImageObject","inLanguage":"en-US","@id":"https:\/\/carolinasbroderi.se\/produkt\/brollopsminne-fran-1836\/#primaryimage","url":"https:\/\/carolinasbroderi.se\/wp-content\/uploads\/2023\/07\/1836-Framed-30x40-800.png","contentUrl":"https:\/\/carolinasbroderi.se\/wp-content\/uploads\/2023\/07\/1836-Framed-30x40-800.png","width":800,"height":800,"caption":"Traditionellt br\u00f6llopsbroderi med hj\u00e4rta i m\u00f6rkrosa korsstygn."},{"@type":"BreadcrumbList","@id":"https:\/\/carolinasbroderi.se\/produkt\/brollopsminne-fran-1836\/#breadcrumb","itemListElement":[{"@type":"ListItem","position":1,"name":"Hem","item":"https:\/\/carolinasbroderi.se\/"},{"@type":"ListItem","position":2,"name":"Ladda ner ett m\u00f6nster och b\u00f6rja brodera direkt","item":"https:\/\/carolinasbroderi.se\/"},{"@type":"ListItem","position":3,"name":"Br\u00f6llopsminne fr\u00e5n 1836"}]},{"@type":"WebSite","@id":"https:\/\/carolinasbroderi.se\/#website","url":"https:\/\/carolinasbroderi.se\/","name":"Carolinas Broderi","description":"Downloadable embroidery patterns","publisher":{"@id":"https:\/\/carolinasbroderi.se\/#organization"},"potentialAction":[{"@type":"SearchAction","target":{"@type":"EntryPoint","urlTemplate":"https:\/\/carolinasbroderi.se\/?s={search_term_string}"},"query-input":{"@type":"PropertyValueSpecification","valueRequired":true,"valueName":"search_term_string"}}],"inLanguage":"en-US"},{"@type":"Organization","@id":"https:\/\/carolinasbroderi.se\/#organization","name":"Carolinas Broderi","url":"https:\/\/carolinasbroderi.se\/","logo":{"@type":"ImageObject","inLanguage":"en-US","@id":"https:\/\/carolinasbroderi.se\/#\/schema\/logo\/image\/","url":"https:\/\/carolinasbroderi.se\/wp-content\/uploads\/2022\/07\/logo.png","contentUrl":"https:\/\/carolinasbroderi.se\/wp-content\/uploads\/2022\/07\/logo.png","width":115,"height":115,"caption":"Carolinas Broderi"},"image":{"@id":"https:\/\/carolinasbroderi.se\/#\/schema\/logo\/image\/"},"sameAs":["https:\/\/www.facebook.com\/carolinasbroderi","https:\/\/x.com\/carrosbroderi","https:\/\/www.instagram.com\/carolinasbroderier\/","https:\/\/www.youtube.com\/@CarolinasBroderi","https:\/\/se.pinterest.com\/carolinasbroderi\/"],"description":"F\u00f6rs\u00e4ljning av broderim\u00f6nster i egen design och reproduktioner av antika m\u00f6nster","email":"carolina@carolinasbroderi.se","vatID":"SE791210032301","taxID":"SE791210032301","numberOfEmployees":{"@type":"QuantitativeValue","minValue":"1","maxValue":"10"}}]},"product_price_amount":"55","product_price_currency":"SEK","og_availability":"instock","product_availability":"instock","product_retailer_item_id":"011","product_condition":"new"},"_links":{"self":[{"href":"https:\/\/carolinasbroderi.se\/en\/wp-json\/wp\/v2\/product\/952","targetHints":{"allow":["GET"]}}],"collection":[{"href":"https:\/\/carolinasbroderi.se\/en\/wp-json\/wp\/v2\/product"}],"about":[{"href":"https:\/\/carolinasbroderi.se\/en\/wp-json\/wp\/v2\/types\/product"}],"replies":[{"embeddable":true,"href":"https:\/\/carolinasbroderi.se\/en\/wp-json\/wp\/v2\/comments?post=952"}],"wp:featuredmedia":[{"embeddable":true,"href":"https:\/\/carolinasbroderi.se\/en\/wp-json\/wp\/v2\/media\/1538"}],"wp:attachment":[{"href":"https:\/\/carolinasbroderi.se\/en\/wp-json\/wp\/v2\/media?parent=952"}],"wp:term":[{"taxonomy":"product_brand","embeddable":true,"href":"https:\/\/carolinasbroderi.se\/en\/wp-json\/wp\/v2\/product_brand?post=952"},{"taxonomy":"product_cat","embeddable":true,"href":"https:\/\/carolinasbroderi.se\/en\/wp-json\/wp\/v2\/product_cat?post=952"},{"taxonomy":"product_tag","embeddable":true,"href":"https:\/\/carolinasbroderi.se\/en\/wp-json\/wp\/v2\/product_tag?post=952"}],"curies":[{"name":"wp","href":"https:\/\/api.w.org\/{rel}","templated":true}]}}