{"id":552,"date":"2022-07-20T07:07:44","date_gmt":"2022-07-20T05:07:44","guid":{"rendered":"https:\/\/carolinasbroderi.se\/?post_type=product&#038;p=552"},"modified":"2026-04-06T17:49:09","modified_gmt":"2026-04-06T15:49:09","slug":"reproduktion-av-sveriges-aldsta-korsstygnsbroderi","status":"publish","type":"product","link":"https:\/\/carolinasbroderi.se\/en\/product\/reproduktion-av-sveriges-aldsta-korsstygnsbroderi\/","title":{"rendered":"Reproduction of Sweden\u2019s oldest cross-stitch embroidery"},"content":{"rendered":"<p class=\"wp-block-paragraph\">Do you want to embroider according to Sweden's oldest, or at least the oldest known preserved cross stitch embroidery?<br \/><br \/>This pillow with birds, the tree of life, and a religious motif was embroidered for \u00c5sby Church in \u00d6sterg\u00f6tland around the latter half of the 16th century.<\/p>\r\n\r\n\r\n\r\n<p class=\"wp-block-paragraph\">The pillow is made of undyed linen and embroidered in red, yellow, and dark green silk. <br \/>The embroidered text in the cross read <em>IHS<\/em> and <em>Mari <\/em>clearly indicating that it is ecclesiastical work.<br \/>(IHS is an abbreviation for Jesus, or Iesus Hominum Salvator \u2013 \u201cJesus, Saviour of Mankind\u201d). The back piece is empty.<\/p>\r\n<p><a href=\"https:\/\/samlingar.shm.se\/object\/262ECF23-21E2-4E89-A09F-6163A908A09B\">Source: Historiska museet.<\/a><\/p>\r\n\r\n\r\n\r\n<div class=\"wp-block-group is-content-justification-center is-nowrap is-layout-flex wp-container-core-group-is-layout-af73a0e4 wp-block-group-is-layout-flex\">\r\n<div style=\"text-align: center;\"><a href=\"http:\/\/www.historiska.se\/data\/?foremal=96187\" rel=\"cc:attributionURL\"><img decoding=\"async\" class=\"aligncenter\" src=\"http:\/\/catview.historiska.se\/catview\/media\/424741\" alt=\"Bilden http:\/\/kulturarvsdata.se\/shm\/media\/html\/424741 som visar objektet http:\/\/www.historiska.se\/data\/?foremal=96187\" border=\"0\" \/><\/a><br \/><a href=\"https:\/\/samlingar.shm.se\/object\/262ECF23-21E2-4E89-A09F-6163A908A09B\" rel=\"cc:attributionURL\">Ola Myrin SHM<\/a> <a title=\"Creative Commons Erk\u00e4nnande 2.5 Sverige \" href=\"http:\/\/creativecommons.org\/licenses\/by\/2.5\/se\/\" target=\"_blank\" rel=\"license noopener\"><img decoding=\"async\" class=\"aligncenter\" title=\"Creative Commons Erk\u00e4nnande 2.5 Sverige \" src=\"https:\/\/licensebuttons.net\/l\/by\/2.5\/se\/80x15.png\" border=\"0\" \/><\/a><\/div>\r\n\r\n\r\n\r\n<div style=\"text-align: center;\"><a href=\"http:\/\/www.historiska.se\/data\/?bild=23665\" rel=\"cc:attributionURL\"><img decoding=\"async\" class=\"aligncenter\" src=\"http:\/\/catview.historiska.se\/catview\/media\/23665\" alt=\"Bilden http:\/\/kulturarvsdata.se\/shm\/media\/html\/23665\" border=\"0\" \/><\/a><br \/><a href=\"https:\/\/samlingar.shm.se\/object\/262ECF23-21E2-4E89-A09F-6163A908A09B\" rel=\"cc:attributionURL\">Gabriel Hildebrand SHM<\/a> <a title=\"Creative Commons Erk\u00e4nnande 2.5 Sverige \" href=\"http:\/\/creativecommons.org\/licenses\/by\/2.5\/se\/\" target=\"_blank\" rel=\"license noopener\"><img decoding=\"async\" title=\"Creative Commons Erk\u00e4nnande 2.5 Sverige \" src=\"https:\/\/licensebuttons.net\/l\/by\/2.5\/se\/80x15.png\" border=\"0\" \/><\/a><\/div>\r\n<\/div>\r\n\r\n\r\n\r\n<h2 class=\"wp-block-heading\">Recreating a pattern<\/h2>\r\n\r\n\r\n\r\n<p class=\"wp-block-paragraph\">I want to be clear that I am not a textile historian. <br \/>What I have done is searched for the item in the Historical Museum's database; gone through pattern books and motifs from the period, <br \/>and compared photos of textiles to find the yarn colors I believe fit best (since the yarns have changed color over the years).<br \/>I did this purely for the joy of discovery; it has truly felt like a treasure hunt!<br \/>The pattern is not a stitch-for-stitch reproduction of the embroidery; I have had to make my own interpretations and judgments.<\/p>\r\n\r\n\r\n\r\n<p class=\"wp-block-paragraph\">I managed to find a model for the birds, the frame, and similar letters in the German pattern book<br \/>&#8221;<a href=\"https:\/\/www.metmuseum.org\/art\/collection\/search?q=Peter+Quentel&amp;sortBy=Relevance&amp;pageSize=0\">Ein new kunstlich Modelbuch<\/a>\" published by Peter Quentel in 1544. The cross in the center I have tried to recreate based on the pillow itself.<\/p>\r\n\r\n\r\n\r\n<h2 class=\"wp-block-heading\">How to use the pattern<\/h2>\r\n\r\n\r\n\r\n<p class=\"wp-block-paragraph\">Jag har f\u00f6rs\u00f6kt h\u00e5lla m\u00f6nstret n\u00e4ra originalstorleken p\u00e5 kudden som \u00e4r 28cm bred och 40 cm l\u00e5ng. Storleken p\u00e5 ditt f\u00e4rdiga broderi varierar beroende p\u00e5 vilken v\u00e4v du vill brodera p\u00e5.<\/p>\r\n\r\n\r\n\r\n\r\n\r\n<p class=\"wp-block-paragraph\">In this pattern, I have not included the area around the frame or the seam allowance for those who want to make a pillow.<br \/><strong>The pattern does not include instructions for making a pillow.<\/strong><\/p>\r\n\r\n\r\n\r\n<p class=\"wp-block-paragraph\">The pattern also includes an alphabet. The alphabet contains the letters that were used in the pattern books and samplers of that time. The letters J, x, \u00e5, \u00e4, and \u00f6 are missing.<\/p>\r\n\r\n\r\n\r\n<p class=\"wp-block-paragraph\">You stitch the embroidery in cross stitch. For the alphabet, you also use three-quarter cross stitches and backstitch.<br \/>If possible, embroider with a silk embroidery floss on undyed linen.<br \/>In that case, use one strand. If you are stitching on Aida, especially the larger counts, use two strands for better coverage.<\/p>\r\n\r\n\r\n\r\n<p class=\"wp-block-paragraph\">For this pattern, I have chosen:<\/p>\r\n\r\n\r\n\r\n<ul class=\"wp-block-list\">\r\n<li>DMC 937<\/li>\r\n<li>DMC 756<\/li>\r\n<li>DMC 326<\/li>\r\n<\/ul>\r\n\r\n\r\n\r\n\r\n\r\n<p class=\"wp-block-paragraph\">This embroidery pattern is licensed under: <a href=\"https:\/\/creativecommons.org\/licenses\/by\/4.0\/deed.sv\">CC-BY<\/a>.<\/p>\r\n\r\n\r\n\r\n<p class=\"wp-block-paragraph\">&nbsp;<\/p>","protected":false},"excerpt":{"rendered":"<p>Free cross-stitch pattern based on the oldest known surviving cross-stitch embroidery in Sweden.<br data-start=\"612\" data-end=\"615\" \/>The original is a church cushion from \u00c5sby Church in \u00d6sterg\u00f6tland dating from the late 16th century.<\/p>","protected":false},"featured_media":565,"comment_status":"closed","ping_status":"closed","template":"","meta":{"_crdt_document":""},"product_brand":[],"product_cat":[59,27],"product_tag":[],"class_list":{"0":"post-552","1":"product","2":"type-product","3":"status-publish","4":"has-post-thumbnail","6":"product_cat-gratis","7":"product_cat-korsstygn","9":"first","10":"instock","11":"downloadable","12":"virtual","13":"purchasable","14":"product-type-simple"},"yoast_head":"<!-- This site is optimized with the Yoast SEO Premium plugin v27.3 (Yoast SEO v27.3) - https:\/\/yoast.com\/product\/yoast-seo-premium-wordpress\/ -->\n<title>Reproduktion av Sveriges \u00e4ldsta korsstygnsbroderi - Carolinas Broderi<\/title>\n<meta name=\"description\" content=\"Brodera en reproduktion av Sveriges \u00e4ldsta korsstygn fr\u00e5n 1500-talet, efter en kudde med religi\u00f6sa motiv. Sys p\u00e5 Aida eller linne. Ladda ner m\u00f6nstret i PDF format.\" \/>\n<meta name=\"robots\" content=\"index, follow, max-snippet:-1, max-image-preview:large, max-video-preview:-1\" \/>\n<link rel=\"canonical\" href=\"https:\/\/carolinasbroderi.se\/en\/product\/reproduktion-av-sveriges-aldsta-korsstygnsbroderi\/\" \/>\n<meta property=\"og:locale\" content=\"en_US\" \/>\n<meta property=\"og:type\" content=\"article\" \/>\n<meta property=\"og:title\" content=\"Reproduktion av Sveriges \u00e4ldsta korsstygnsbroderi\" \/>\n<meta property=\"og:description\" content=\"Brodera en reproduktion av Sveriges \u00e4ldsta korsstygn fr\u00e5n 1500-talet, efter en kudde med religi\u00f6sa motiv. Sys p\u00e5 Aida eller linne. Ladda ner m\u00f6nstret i PDF format.\" \/>\n<meta property=\"og:url\" content=\"https:\/\/carolinasbroderi.se\/en\/product\/reproduktion-av-sveriges-aldsta-korsstygnsbroderi\/\" \/>\n<meta property=\"og:site_name\" content=\"Carolinas Broderi\" \/>\n<meta property=\"article:publisher\" content=\"https:\/\/www.facebook.com\/carolinasbroderi\" \/>\n<meta property=\"article:modified_time\" content=\"2026-04-06T15:49:09+00:00\" \/>\n<meta property=\"og:image\" content=\"https:\/\/carolinasbroderi.se\/wp-content\/uploads\/2022\/07\/repro-kudde.png\" \/>\n\t<meta property=\"og:image:width\" content=\"757\" \/>\n\t<meta property=\"og:image:height\" content=\"1000\" \/>\n\t<meta property=\"og:image:type\" content=\"image\/png\" \/>\n<meta name=\"twitter:card\" content=\"summary_large_image\" \/>\n<meta name=\"twitter:site\" content=\"@carrosbroderi\" \/>\n<meta name=\"twitter:label1\" content=\"Price\" \/>\n\t<meta name=\"twitter:data1\" content=\"0&nbsp;&#107;&#114;\" \/>\n\t<meta name=\"twitter:label2\" content=\"Availability\" \/>\n\t<meta name=\"twitter:data2\" content=\"In stock\" \/>\n<script type=\"application\/ld+json\" class=\"yoast-schema-graph\">{\"@context\":\"https:\\\/\\\/schema.org\",\"@graph\":[{\"@type\":\"WebPage\",\"@id\":\"https:\\\/\\\/carolinasbroderi.se\\\/produkt\\\/reproduktion-av-sveriges-aldsta-korsstygnsbroderi\\\/\",\"url\":\"https:\\\/\\\/carolinasbroderi.se\\\/produkt\\\/reproduktion-av-sveriges-aldsta-korsstygnsbroderi\\\/\",\"name\":\"Reproduktion av Sveriges \u00e4ldsta korsstygnsbroderi - Carolinas Broderi\",\"isPartOf\":{\"@id\":\"https:\\\/\\\/carolinasbroderi.se\\\/#website\"},\"primaryImageOfPage\":{\"@id\":\"https:\\\/\\\/carolinasbroderi.se\\\/produkt\\\/reproduktion-av-sveriges-aldsta-korsstygnsbroderi\\\/#primaryimage\"},\"image\":{\"@id\":\"https:\\\/\\\/carolinasbroderi.se\\\/produkt\\\/reproduktion-av-sveriges-aldsta-korsstygnsbroderi\\\/#primaryimage\"},\"thumbnailUrl\":\"https:\\\/\\\/carolinasbroderi.se\\\/wp-content\\\/uploads\\\/2022\\\/07\\\/repro-kudde.png\",\"datePublished\":\"2022-07-20T05:07:44+00:00\",\"dateModified\":\"2026-04-06T15:49:09+00:00\",\"description\":\"Brodera en reproduktion av Sveriges \u00e4ldsta korsstygn fr\u00e5n 1500-talet, efter en kudde med religi\u00f6sa motiv. Sys p\u00e5 Aida eller linne. Ladda ner m\u00f6nstret i PDF format.\",\"breadcrumb\":{\"@id\":\"https:\\\/\\\/carolinasbroderi.se\\\/produkt\\\/reproduktion-av-sveriges-aldsta-korsstygnsbroderi\\\/#breadcrumb\"},\"inLanguage\":\"en-US\",\"potentialAction\":[{\"@type\":\"ReadAction\",\"target\":[\"https:\\\/\\\/carolinasbroderi.se\\\/produkt\\\/reproduktion-av-sveriges-aldsta-korsstygnsbroderi\\\/\"]}]},{\"@type\":\"ImageObject\",\"inLanguage\":\"en-US\",\"@id\":\"https:\\\/\\\/carolinasbroderi.se\\\/produkt\\\/reproduktion-av-sveriges-aldsta-korsstygnsbroderi\\\/#primaryimage\",\"url\":\"https:\\\/\\\/carolinasbroderi.se\\\/wp-content\\\/uploads\\\/2022\\\/07\\\/repro-kudde.png\",\"contentUrl\":\"https:\\\/\\\/carolinasbroderi.se\\\/wp-content\\\/uploads\\\/2022\\\/07\\\/repro-kudde.png\",\"width\":757,\"height\":1000},{\"@type\":\"BreadcrumbList\",\"@id\":\"https:\\\/\\\/carolinasbroderi.se\\\/produkt\\\/reproduktion-av-sveriges-aldsta-korsstygnsbroderi\\\/#breadcrumb\",\"itemListElement\":[{\"@type\":\"ListItem\",\"position\":1,\"name\":\"Hem\",\"item\":\"https:\\\/\\\/carolinasbroderi.se\\\/\"},{\"@type\":\"ListItem\",\"position\":2,\"name\":\"Ladda ner ett m\u00f6nster och b\u00f6rja brodera direkt\",\"item\":\"https:\\\/\\\/carolinasbroderi.se\\\/\"},{\"@type\":\"ListItem\",\"position\":3,\"name\":\"Reproduktion av Sveriges \u00e4ldsta korsstygnsbroderi\"}]},{\"@type\":\"WebSite\",\"@id\":\"https:\\\/\\\/carolinasbroderi.se\\\/#website\",\"url\":\"https:\\\/\\\/carolinasbroderi.se\\\/\",\"name\":\"Carolinas Broderi\",\"description\":\"Nedladdningsbara broderim\u00f6nster\",\"publisher\":{\"@id\":\"https:\\\/\\\/carolinasbroderi.se\\\/#organization\"},\"potentialAction\":[{\"@type\":\"SearchAction\",\"target\":{\"@type\":\"EntryPoint\",\"urlTemplate\":\"https:\\\/\\\/carolinasbroderi.se\\\/?s={search_term_string}\"},\"query-input\":{\"@type\":\"PropertyValueSpecification\",\"valueRequired\":true,\"valueName\":\"search_term_string\"}}],\"inLanguage\":\"en-US\"},{\"@type\":\"Organization\",\"@id\":\"https:\\\/\\\/carolinasbroderi.se\\\/#organization\",\"name\":\"Carolinas Broderi\",\"url\":\"https:\\\/\\\/carolinasbroderi.se\\\/\",\"logo\":{\"@type\":\"ImageObject\",\"inLanguage\":\"en-US\",\"@id\":\"https:\\\/\\\/carolinasbroderi.se\\\/#\\\/schema\\\/logo\\\/image\\\/\",\"url\":\"https:\\\/\\\/carolinasbroderi.se\\\/wp-content\\\/uploads\\\/2022\\\/07\\\/logo.png\",\"contentUrl\":\"https:\\\/\\\/carolinasbroderi.se\\\/wp-content\\\/uploads\\\/2022\\\/07\\\/logo.png\",\"width\":115,\"height\":115,\"caption\":\"Carolinas Broderi\"},\"image\":{\"@id\":\"https:\\\/\\\/carolinasbroderi.se\\\/#\\\/schema\\\/logo\\\/image\\\/\"},\"sameAs\":[\"https:\\\/\\\/www.facebook.com\\\/carolinasbroderi\",\"https:\\\/\\\/x.com\\\/carrosbroderi\",\"https:\\\/\\\/www.instagram.com\\\/carolinasbroderier\\\/\",\"https:\\\/\\\/www.youtube.com\\\/@CarolinasBroderi\",\"https:\\\/\\\/se.pinterest.com\\\/carolinasbroderi\\\/\"],\"description\":\"F\u00f6rs\u00e4ljning av broderim\u00f6nster i egen design och reproduktioner av antika m\u00f6nster\",\"email\":\"carolina@carolinasbroderi.se\",\"vatID\":\"SE791210032301\",\"taxID\":\"SE791210032301\",\"numberOfEmployees\":{\"@type\":\"QuantitativeValue\",\"minValue\":\"1\",\"maxValue\":\"10\"}}]}<\/script>\n<meta property=\"product:price:amount\" content=\"0\" \/>\n<meta property=\"product:price:currency\" content=\"SEK\" \/>\n<meta property=\"og:availability\" content=\"instock\" \/>\n<meta property=\"product:availability\" content=\"instock\" \/>\n<meta property=\"product:retailer_item_id\" content=\"003\" \/>\n<meta property=\"product:condition\" content=\"new\" \/>\n<!-- \/ Yoast SEO Premium plugin. -->","yoast_head_json":{"title":"Reproduktion av Sveriges \u00e4ldsta korsstygnsbroderi - Carolinas Broderi","description":"Brodera en reproduktion av Sveriges \u00e4ldsta korsstygn fr\u00e5n 1500-talet, efter en kudde med religi\u00f6sa motiv. Sys p\u00e5 Aida eller linne. Ladda ner m\u00f6nstret i PDF format.","robots":{"index":"index","follow":"follow","max-snippet":"max-snippet:-1","max-image-preview":"max-image-preview:large","max-video-preview":"max-video-preview:-1"},"canonical":"https:\/\/carolinasbroderi.se\/en\/product\/reproduktion-av-sveriges-aldsta-korsstygnsbroderi\/","og_locale":"en_US","og_type":"article","og_title":"Reproduktion av Sveriges \u00e4ldsta korsstygnsbroderi","og_description":"Brodera en reproduktion av Sveriges \u00e4ldsta korsstygn fr\u00e5n 1500-talet, efter en kudde med religi\u00f6sa motiv. Sys p\u00e5 Aida eller linne. Ladda ner m\u00f6nstret i PDF format.","og_url":"https:\/\/carolinasbroderi.se\/en\/product\/reproduktion-av-sveriges-aldsta-korsstygnsbroderi\/","og_site_name":"Carolinas Broderi","article_publisher":"https:\/\/www.facebook.com\/carolinasbroderi","article_modified_time":"2026-04-06T15:49:09+00:00","og_image":[{"width":757,"height":1000,"url":"https:\/\/carolinasbroderi.se\/wp-content\/uploads\/2022\/07\/repro-kudde.png","type":"image\/png"}],"twitter_card":"summary_large_image","twitter_site":"@carrosbroderi","twitter_misc":{"Price":"0&nbsp;&#107;&#114;","Availability":"In stock"},"schema":{"@context":"https:\/\/schema.org","@graph":[{"@type":"WebPage","@id":"https:\/\/carolinasbroderi.se\/produkt\/reproduktion-av-sveriges-aldsta-korsstygnsbroderi\/","url":"https:\/\/carolinasbroderi.se\/produkt\/reproduktion-av-sveriges-aldsta-korsstygnsbroderi\/","name":"Reproduktion av Sveriges \u00e4ldsta korsstygnsbroderi - Carolinas Broderi","isPartOf":{"@id":"https:\/\/carolinasbroderi.se\/#website"},"primaryImageOfPage":{"@id":"https:\/\/carolinasbroderi.se\/produkt\/reproduktion-av-sveriges-aldsta-korsstygnsbroderi\/#primaryimage"},"image":{"@id":"https:\/\/carolinasbroderi.se\/produkt\/reproduktion-av-sveriges-aldsta-korsstygnsbroderi\/#primaryimage"},"thumbnailUrl":"https:\/\/carolinasbroderi.se\/wp-content\/uploads\/2022\/07\/repro-kudde.png","datePublished":"2022-07-20T05:07:44+00:00","dateModified":"2026-04-06T15:49:09+00:00","description":"Brodera en reproduktion av Sveriges \u00e4ldsta korsstygn fr\u00e5n 1500-talet, efter en kudde med religi\u00f6sa motiv. Sys p\u00e5 Aida eller linne. Ladda ner m\u00f6nstret i PDF format.","breadcrumb":{"@id":"https:\/\/carolinasbroderi.se\/produkt\/reproduktion-av-sveriges-aldsta-korsstygnsbroderi\/#breadcrumb"},"inLanguage":"en-US","potentialAction":[{"@type":"ReadAction","target":["https:\/\/carolinasbroderi.se\/produkt\/reproduktion-av-sveriges-aldsta-korsstygnsbroderi\/"]}]},{"@type":"ImageObject","inLanguage":"en-US","@id":"https:\/\/carolinasbroderi.se\/produkt\/reproduktion-av-sveriges-aldsta-korsstygnsbroderi\/#primaryimage","url":"https:\/\/carolinasbroderi.se\/wp-content\/uploads\/2022\/07\/repro-kudde.png","contentUrl":"https:\/\/carolinasbroderi.se\/wp-content\/uploads\/2022\/07\/repro-kudde.png","width":757,"height":1000},{"@type":"BreadcrumbList","@id":"https:\/\/carolinasbroderi.se\/produkt\/reproduktion-av-sveriges-aldsta-korsstygnsbroderi\/#breadcrumb","itemListElement":[{"@type":"ListItem","position":1,"name":"Hem","item":"https:\/\/carolinasbroderi.se\/"},{"@type":"ListItem","position":2,"name":"Ladda ner ett m\u00f6nster och b\u00f6rja brodera direkt","item":"https:\/\/carolinasbroderi.se\/"},{"@type":"ListItem","position":3,"name":"Reproduktion av Sveriges \u00e4ldsta korsstygnsbroderi"}]},{"@type":"WebSite","@id":"https:\/\/carolinasbroderi.se\/#website","url":"https:\/\/carolinasbroderi.se\/","name":"Carolinas Broderi","description":"Downloadable embroidery patterns","publisher":{"@id":"https:\/\/carolinasbroderi.se\/#organization"},"potentialAction":[{"@type":"SearchAction","target":{"@type":"EntryPoint","urlTemplate":"https:\/\/carolinasbroderi.se\/?s={search_term_string}"},"query-input":{"@type":"PropertyValueSpecification","valueRequired":true,"valueName":"search_term_string"}}],"inLanguage":"en-US"},{"@type":"Organization","@id":"https:\/\/carolinasbroderi.se\/#organization","name":"Carolinas Broderi","url":"https:\/\/carolinasbroderi.se\/","logo":{"@type":"ImageObject","inLanguage":"en-US","@id":"https:\/\/carolinasbroderi.se\/#\/schema\/logo\/image\/","url":"https:\/\/carolinasbroderi.se\/wp-content\/uploads\/2022\/07\/logo.png","contentUrl":"https:\/\/carolinasbroderi.se\/wp-content\/uploads\/2022\/07\/logo.png","width":115,"height":115,"caption":"Carolinas Broderi"},"image":{"@id":"https:\/\/carolinasbroderi.se\/#\/schema\/logo\/image\/"},"sameAs":["https:\/\/www.facebook.com\/carolinasbroderi","https:\/\/x.com\/carrosbroderi","https:\/\/www.instagram.com\/carolinasbroderier\/","https:\/\/www.youtube.com\/@CarolinasBroderi","https:\/\/se.pinterest.com\/carolinasbroderi\/"],"description":"F\u00f6rs\u00e4ljning av broderim\u00f6nster i egen design och reproduktioner av antika m\u00f6nster","email":"carolina@carolinasbroderi.se","vatID":"SE791210032301","taxID":"SE791210032301","numberOfEmployees":{"@type":"QuantitativeValue","minValue":"1","maxValue":"10"}}]},"product_price_currency":"SEK","og_availability":"instock","product_availability":"instock","product_retailer_item_id":"003","product_condition":"new"},"_links":{"self":[{"href":"https:\/\/carolinasbroderi.se\/en\/wp-json\/wp\/v2\/product\/552","targetHints":{"allow":["GET"]}}],"collection":[{"href":"https:\/\/carolinasbroderi.se\/en\/wp-json\/wp\/v2\/product"}],"about":[{"href":"https:\/\/carolinasbroderi.se\/en\/wp-json\/wp\/v2\/types\/product"}],"replies":[{"embeddable":true,"href":"https:\/\/carolinasbroderi.se\/en\/wp-json\/wp\/v2\/comments?post=552"}],"wp:featuredmedia":[{"embeddable":true,"href":"https:\/\/carolinasbroderi.se\/en\/wp-json\/wp\/v2\/media\/565"}],"wp:attachment":[{"href":"https:\/\/carolinasbroderi.se\/en\/wp-json\/wp\/v2\/media?parent=552"}],"wp:term":[{"taxonomy":"product_brand","embeddable":true,"href":"https:\/\/carolinasbroderi.se\/en\/wp-json\/wp\/v2\/product_brand?post=552"},{"taxonomy":"product_cat","embeddable":true,"href":"https:\/\/carolinasbroderi.se\/en\/wp-json\/wp\/v2\/product_cat?post=552"},{"taxonomy":"product_tag","embeddable":true,"href":"https:\/\/carolinasbroderi.se\/en\/wp-json\/wp\/v2\/product_tag?post=552"}],"curies":[{"name":"wp","href":"https:\/\/api.w.org\/{rel}","templated":true}]}}