{"id":2105,"date":"2024-10-13T05:19:33","date_gmt":"2024-10-13T03:19:33","guid":{"rendered":"https:\/\/carolinasbroderi.se\/?post_type=product&#038;p=2105"},"modified":"2026-04-06T17:41:18","modified_gmt":"2026-04-06T15:41:18","slug":"julhjartan","status":"publish","type":"product","link":"https:\/\/carolinasbroderi.se\/en\/product\/julhjartan\/","title":{"rendered":"Christmas hearts"},"content":{"rendered":"<p>In this pattern, you will find a collection of different Christmas hearts that you can combine in various ways.<br \/>\nPerfect for Christmas cards, Christmas tree baubles, or table runners\/cloths.<\/p>\n<p>Embroidered using full cross stitches, half cross stitches, and backstitch.<\/p>\n<p>For this pattern, I have chosen:<\/p>\n<ul>\n<li>DMC blanc<\/li>\n<li>DMC 310<\/li>\n<li>DMC 321<\/li>\n<li>DMC 699<\/li>\n<li>DMC 434<\/li>\n<\/ul>\n<p><strong>The ZIP file includes:<\/strong><\/p>\n<ul>\n<li>Pattern in color<\/li>\n<li>Color key<\/li>\n<li>Instructions<\/li>\n<\/ul>","protected":false},"excerpt":{"rendered":"<p>Embroider simple Christmas hearts and combine them into your own pattern. For Christmas cards, decorations, tablecloths, and more. Suitable for beginners.<\/p>","protected":false},"featured_media":2205,"comment_status":"closed","ping_status":"closed","template":"","meta":{"_crdt_document":""},"product_brand":[],"product_cat":[63,35,27],"product_tag":[],"class_list":{"0":"post-2105","1":"product","2":"type-product","3":"status-publish","4":"has-post-thumbnail","6":"product_cat-carolinas","7":"product_cat-jul","8":"product_cat-korsstygn","10":"first","11":"instock","12":"downloadable","13":"virtual","14":"taxable","15":"purchasable","16":"product-type-simple"},"yoast_head":"<!-- This site is optimized with the Yoast SEO Premium plugin v27.3 (Yoast SEO v27.3) - https:\/\/yoast.com\/product\/yoast-seo-premium-wordpress\/ -->\n<title>Julhj\u00e4rtan - Carolinas Broderi<\/title>\n<meta name=\"description\" content=\"Brodera enkla julhj\u00e4rtan och kombinera dem till ett eget m\u00f6nster. Till julkort, dekoration, dukar med mera.\" \/>\n<meta name=\"robots\" content=\"index, follow, max-snippet:-1, max-image-preview:large, max-video-preview:-1\" \/>\n<link rel=\"canonical\" href=\"https:\/\/carolinasbroderi.se\/en\/product\/julhjartan\/\" \/>\n<meta property=\"og:locale\" content=\"en_US\" \/>\n<meta property=\"og:type\" content=\"article\" \/>\n<meta property=\"og:title\" content=\"Julhj\u00e4rtan\" \/>\n<meta property=\"og:description\" content=\"Brodera enkla julhj\u00e4rtan och kombinera dem till ett eget m\u00f6nster. Till julkort, dekoration, dukar med mera.\" \/>\n<meta property=\"og:url\" content=\"https:\/\/carolinasbroderi.se\/en\/product\/julhjartan\/\" \/>\n<meta property=\"og:site_name\" content=\"Carolinas Broderi\" \/>\n<meta property=\"article:publisher\" content=\"https:\/\/www.facebook.com\/carolinasbroderi\" \/>\n<meta property=\"article:modified_time\" content=\"2026-04-06T15:41:18+00:00\" \/>\n<meta property=\"og:image\" content=\"https:\/\/carolinasbroderi.se\/wp-content\/uploads\/2024\/10\/julhjartan-1.png\" \/>\n\t<meta property=\"og:image:width\" content=\"1411\" \/>\n\t<meta property=\"og:image:height\" content=\"613\" \/>\n\t<meta property=\"og:image:type\" content=\"image\/png\" \/>\n<meta name=\"twitter:card\" content=\"summary_large_image\" \/>\n<meta name=\"twitter:site\" content=\"@carrosbroderi\" \/>\n<meta name=\"twitter:label1\" content=\"Price\" \/>\n\t<meta name=\"twitter:data1\" content=\"16&nbsp;&#107;&#114;\" \/>\n\t<meta name=\"twitter:label2\" content=\"Availability\" \/>\n\t<meta name=\"twitter:data2\" content=\"In stock\" \/>\n<script type=\"application\/ld+json\" class=\"yoast-schema-graph\">{\"@context\":\"https:\\\/\\\/schema.org\",\"@graph\":[{\"@type\":\"WebPage\",\"@id\":\"https:\\\/\\\/carolinasbroderi.se\\\/produkt\\\/julhjartan\\\/\",\"url\":\"https:\\\/\\\/carolinasbroderi.se\\\/produkt\\\/julhjartan\\\/\",\"name\":\"Julhj\u00e4rtan - Carolinas Broderi\",\"isPartOf\":{\"@id\":\"https:\\\/\\\/carolinasbroderi.se\\\/#website\"},\"primaryImageOfPage\":{\"@id\":\"https:\\\/\\\/carolinasbroderi.se\\\/produkt\\\/julhjartan\\\/#primaryimage\"},\"image\":{\"@id\":\"https:\\\/\\\/carolinasbroderi.se\\\/produkt\\\/julhjartan\\\/#primaryimage\"},\"thumbnailUrl\":\"https:\\\/\\\/carolinasbroderi.se\\\/wp-content\\\/uploads\\\/2024\\\/10\\\/julhjartan-1.png\",\"datePublished\":\"2024-10-13T03:19:33+00:00\",\"dateModified\":\"2026-04-06T15:41:18+00:00\",\"description\":\"Brodera enkla julhj\u00e4rtan och kombinera dem till ett eget m\u00f6nster. Till julkort, dekoration, dukar med mera.\",\"breadcrumb\":{\"@id\":\"https:\\\/\\\/carolinasbroderi.se\\\/produkt\\\/julhjartan\\\/#breadcrumb\"},\"inLanguage\":\"en-US\",\"potentialAction\":[{\"@type\":\"ReadAction\",\"target\":[\"https:\\\/\\\/carolinasbroderi.se\\\/produkt\\\/julhjartan\\\/\"]}]},{\"@type\":\"ImageObject\",\"inLanguage\":\"en-US\",\"@id\":\"https:\\\/\\\/carolinasbroderi.se\\\/produkt\\\/julhjartan\\\/#primaryimage\",\"url\":\"https:\\\/\\\/carolinasbroderi.se\\\/wp-content\\\/uploads\\\/2024\\\/10\\\/julhjartan-1.png\",\"contentUrl\":\"https:\\\/\\\/carolinasbroderi.se\\\/wp-content\\\/uploads\\\/2024\\\/10\\\/julhjartan-1.png\",\"width\":1411,\"height\":613,\"caption\":\"Korsstygnsbroderi med enkla julhj\u00e4rtan och texten \\\"God jul\\\"\"},{\"@type\":\"BreadcrumbList\",\"@id\":\"https:\\\/\\\/carolinasbroderi.se\\\/produkt\\\/julhjartan\\\/#breadcrumb\",\"itemListElement\":[{\"@type\":\"ListItem\",\"position\":1,\"name\":\"Hem\",\"item\":\"https:\\\/\\\/carolinasbroderi.se\\\/\"},{\"@type\":\"ListItem\",\"position\":2,\"name\":\"Ladda ner ett m\u00f6nster och b\u00f6rja brodera direkt\",\"item\":\"https:\\\/\\\/carolinasbroderi.se\\\/\"},{\"@type\":\"ListItem\",\"position\":3,\"name\":\"Julhj\u00e4rtan\"}]},{\"@type\":\"WebSite\",\"@id\":\"https:\\\/\\\/carolinasbroderi.se\\\/#website\",\"url\":\"https:\\\/\\\/carolinasbroderi.se\\\/\",\"name\":\"Carolinas Broderi\",\"description\":\"Nedladdningsbara broderim\u00f6nster\",\"publisher\":{\"@id\":\"https:\\\/\\\/carolinasbroderi.se\\\/#organization\"},\"potentialAction\":[{\"@type\":\"SearchAction\",\"target\":{\"@type\":\"EntryPoint\",\"urlTemplate\":\"https:\\\/\\\/carolinasbroderi.se\\\/?s={search_term_string}\"},\"query-input\":{\"@type\":\"PropertyValueSpecification\",\"valueRequired\":true,\"valueName\":\"search_term_string\"}}],\"inLanguage\":\"en-US\"},{\"@type\":\"Organization\",\"@id\":\"https:\\\/\\\/carolinasbroderi.se\\\/#organization\",\"name\":\"Carolinas Broderi\",\"url\":\"https:\\\/\\\/carolinasbroderi.se\\\/\",\"logo\":{\"@type\":\"ImageObject\",\"inLanguage\":\"en-US\",\"@id\":\"https:\\\/\\\/carolinasbroderi.se\\\/#\\\/schema\\\/logo\\\/image\\\/\",\"url\":\"https:\\\/\\\/carolinasbroderi.se\\\/wp-content\\\/uploads\\\/2022\\\/07\\\/logo.png\",\"contentUrl\":\"https:\\\/\\\/carolinasbroderi.se\\\/wp-content\\\/uploads\\\/2022\\\/07\\\/logo.png\",\"width\":115,\"height\":115,\"caption\":\"Carolinas Broderi\"},\"image\":{\"@id\":\"https:\\\/\\\/carolinasbroderi.se\\\/#\\\/schema\\\/logo\\\/image\\\/\"},\"sameAs\":[\"https:\\\/\\\/www.facebook.com\\\/carolinasbroderi\",\"https:\\\/\\\/x.com\\\/carrosbroderi\",\"https:\\\/\\\/www.instagram.com\\\/carolinasbroderier\\\/\",\"https:\\\/\\\/www.youtube.com\\\/@CarolinasBroderi\",\"https:\\\/\\\/se.pinterest.com\\\/carolinasbroderi\\\/\"],\"description\":\"F\u00f6rs\u00e4ljning av broderim\u00f6nster i egen design och reproduktioner av antika m\u00f6nster\",\"email\":\"carolina@carolinasbroderi.se\",\"vatID\":\"SE791210032301\",\"taxID\":\"SE791210032301\",\"numberOfEmployees\":{\"@type\":\"QuantitativeValue\",\"minValue\":\"1\",\"maxValue\":\"10\"}}]}<\/script>\n<meta property=\"product:price:amount\" content=\"16\" \/>\n<meta property=\"product:price:currency\" content=\"SEK\" \/>\n<meta property=\"og:availability\" content=\"instock\" \/>\n<meta property=\"product:availability\" content=\"instock\" \/>\n<meta property=\"product:retailer_item_id\" content=\"018\" \/>\n<meta property=\"product:condition\" content=\"new\" \/>\n<!-- \/ Yoast SEO Premium plugin. -->","yoast_head_json":{"title":"Julhj\u00e4rtan - Carolinas Broderi","description":"Brodera enkla julhj\u00e4rtan och kombinera dem till ett eget m\u00f6nster. Till julkort, dekoration, dukar med mera.","robots":{"index":"index","follow":"follow","max-snippet":"max-snippet:-1","max-image-preview":"max-image-preview:large","max-video-preview":"max-video-preview:-1"},"canonical":"https:\/\/carolinasbroderi.se\/en\/product\/julhjartan\/","og_locale":"en_US","og_type":"article","og_title":"Julhj\u00e4rtan","og_description":"Brodera enkla julhj\u00e4rtan och kombinera dem till ett eget m\u00f6nster. Till julkort, dekoration, dukar med mera.","og_url":"https:\/\/carolinasbroderi.se\/en\/product\/julhjartan\/","og_site_name":"Carolinas Broderi","article_publisher":"https:\/\/www.facebook.com\/carolinasbroderi","article_modified_time":"2026-04-06T15:41:18+00:00","og_image":[{"width":1411,"height":613,"url":"https:\/\/carolinasbroderi.se\/wp-content\/uploads\/2024\/10\/julhjartan-1.png","type":"image\/png"}],"twitter_card":"summary_large_image","twitter_site":"@carrosbroderi","twitter_misc":{"Price":"16&nbsp;&#107;&#114;","Availability":"In stock"},"schema":{"@context":"https:\/\/schema.org","@graph":[{"@type":"WebPage","@id":"https:\/\/carolinasbroderi.se\/produkt\/julhjartan\/","url":"https:\/\/carolinasbroderi.se\/produkt\/julhjartan\/","name":"Julhj\u00e4rtan - Carolinas Broderi","isPartOf":{"@id":"https:\/\/carolinasbroderi.se\/#website"},"primaryImageOfPage":{"@id":"https:\/\/carolinasbroderi.se\/produkt\/julhjartan\/#primaryimage"},"image":{"@id":"https:\/\/carolinasbroderi.se\/produkt\/julhjartan\/#primaryimage"},"thumbnailUrl":"https:\/\/carolinasbroderi.se\/wp-content\/uploads\/2024\/10\/julhjartan-1.png","datePublished":"2024-10-13T03:19:33+00:00","dateModified":"2026-04-06T15:41:18+00:00","description":"Brodera enkla julhj\u00e4rtan och kombinera dem till ett eget m\u00f6nster. Till julkort, dekoration, dukar med mera.","breadcrumb":{"@id":"https:\/\/carolinasbroderi.se\/produkt\/julhjartan\/#breadcrumb"},"inLanguage":"en-US","potentialAction":[{"@type":"ReadAction","target":["https:\/\/carolinasbroderi.se\/produkt\/julhjartan\/"]}]},{"@type":"ImageObject","inLanguage":"en-US","@id":"https:\/\/carolinasbroderi.se\/produkt\/julhjartan\/#primaryimage","url":"https:\/\/carolinasbroderi.se\/wp-content\/uploads\/2024\/10\/julhjartan-1.png","contentUrl":"https:\/\/carolinasbroderi.se\/wp-content\/uploads\/2024\/10\/julhjartan-1.png","width":1411,"height":613,"caption":"Korsstygnsbroderi med enkla julhj\u00e4rtan och texten \"God jul\""},{"@type":"BreadcrumbList","@id":"https:\/\/carolinasbroderi.se\/produkt\/julhjartan\/#breadcrumb","itemListElement":[{"@type":"ListItem","position":1,"name":"Hem","item":"https:\/\/carolinasbroderi.se\/"},{"@type":"ListItem","position":2,"name":"Ladda ner ett m\u00f6nster och b\u00f6rja brodera direkt","item":"https:\/\/carolinasbroderi.se\/"},{"@type":"ListItem","position":3,"name":"Julhj\u00e4rtan"}]},{"@type":"WebSite","@id":"https:\/\/carolinasbroderi.se\/#website","url":"https:\/\/carolinasbroderi.se\/","name":"Carolinas Broderi","description":"Downloadable embroidery patterns","publisher":{"@id":"https:\/\/carolinasbroderi.se\/#organization"},"potentialAction":[{"@type":"SearchAction","target":{"@type":"EntryPoint","urlTemplate":"https:\/\/carolinasbroderi.se\/?s={search_term_string}"},"query-input":{"@type":"PropertyValueSpecification","valueRequired":true,"valueName":"search_term_string"}}],"inLanguage":"en-US"},{"@type":"Organization","@id":"https:\/\/carolinasbroderi.se\/#organization","name":"Carolinas Broderi","url":"https:\/\/carolinasbroderi.se\/","logo":{"@type":"ImageObject","inLanguage":"en-US","@id":"https:\/\/carolinasbroderi.se\/#\/schema\/logo\/image\/","url":"https:\/\/carolinasbroderi.se\/wp-content\/uploads\/2022\/07\/logo.png","contentUrl":"https:\/\/carolinasbroderi.se\/wp-content\/uploads\/2022\/07\/logo.png","width":115,"height":115,"caption":"Carolinas Broderi"},"image":{"@id":"https:\/\/carolinasbroderi.se\/#\/schema\/logo\/image\/"},"sameAs":["https:\/\/www.facebook.com\/carolinasbroderi","https:\/\/x.com\/carrosbroderi","https:\/\/www.instagram.com\/carolinasbroderier\/","https:\/\/www.youtube.com\/@CarolinasBroderi","https:\/\/se.pinterest.com\/carolinasbroderi\/"],"description":"F\u00f6rs\u00e4ljning av broderim\u00f6nster i egen design och reproduktioner av antika m\u00f6nster","email":"carolina@carolinasbroderi.se","vatID":"SE791210032301","taxID":"SE791210032301","numberOfEmployees":{"@type":"QuantitativeValue","minValue":"1","maxValue":"10"}}]},"product_price_amount":"16","product_price_currency":"SEK","og_availability":"instock","product_availability":"instock","product_retailer_item_id":"018","product_condition":"new"},"_links":{"self":[{"href":"https:\/\/carolinasbroderi.se\/en\/wp-json\/wp\/v2\/product\/2105","targetHints":{"allow":["GET"]}}],"collection":[{"href":"https:\/\/carolinasbroderi.se\/en\/wp-json\/wp\/v2\/product"}],"about":[{"href":"https:\/\/carolinasbroderi.se\/en\/wp-json\/wp\/v2\/types\/product"}],"replies":[{"embeddable":true,"href":"https:\/\/carolinasbroderi.se\/en\/wp-json\/wp\/v2\/comments?post=2105"}],"wp:featuredmedia":[{"embeddable":true,"href":"https:\/\/carolinasbroderi.se\/en\/wp-json\/wp\/v2\/media\/2205"}],"wp:attachment":[{"href":"https:\/\/carolinasbroderi.se\/en\/wp-json\/wp\/v2\/media?parent=2105"}],"wp:term":[{"taxonomy":"product_brand","embeddable":true,"href":"https:\/\/carolinasbroderi.se\/en\/wp-json\/wp\/v2\/product_brand?post=2105"},{"taxonomy":"product_cat","embeddable":true,"href":"https:\/\/carolinasbroderi.se\/en\/wp-json\/wp\/v2\/product_cat?post=2105"},{"taxonomy":"product_tag","embeddable":true,"href":"https:\/\/carolinasbroderi.se\/en\/wp-json\/wp\/v2\/product_tag?post=2105"}],"curies":[{"name":"wp","href":"https:\/\/api.w.org\/{rel}","templated":true}]}}