{"id":1525,"date":"2023-12-24T08:36:16","date_gmt":"2023-12-24T07:36:16","guid":{"rendered":"https:\/\/carolinasbroderi.se\/?post_type=product&#038;p=1525"},"modified":"2026-03-15T07:25:55","modified_gmt":"2026-03-15T06:25:55","slug":"bonad-fran-1861","status":"publish","type":"product","link":"https:\/\/carolinasbroderi.se\/en\/product\/bonad-fran-1861\/","title":{"rendered":"Free Pattern: Sampler from 1861"},"content":{"rendered":"<p>In this pattern, I have interpreted an embroidery from Delsbo, stitched in 1861.<br \/>\nThe original is a hanging cloth (a type of older wall decoration) featuring five symbols, of which only three have sufficiently clear stitches to be reproducible as part of a new pattern.<\/p>\n<p>Embroidered in full cross stitches in two colors: DMC 3832 and DMC 3713.<\/p>\n<p><strong>The finished size depends on the fabric you choose:<br \/>\n<\/strong>Aida 5.4 rutor\/cm eller linne 11 tr\u00e5dar\/cm: 26 x 21 cm<br \/>\nAida 6.4 rutor\/cm eller linne 12.6 tr\u00e5dar\/cm: 23 x 19 cm<\/p>\n<p>Suitable for a 30cm \u00d7 30cm frame.<\/p>\n<p><strong>The ZIP file includes:<\/strong><\/p>\n<ul>\n<li>Pattern in color<\/li>\n<li>Pattern in grayscale<\/li>\n<li>Color key<\/li>\n<li>Instructions<\/li>\n<\/ul>\n<h3>License<\/h3>\n<p>After purchasing the pattern, you have the right to:<\/p>\n<ul>\n<li>Print the pattern for your personal use.<\/li>\n<li>Share the pattern with a single friend or family member, either in printed or digital form.<\/li>\n<li>Sell individual finished made from the pattern, at low scale, as a hobby or handmade product.<\/li>\n<\/ul>\n<p><a href=\"https:\/\/carolinasbroderi.se\/en\/kopvillkor\/#monster-med-upphovsratt\">You can read the full license here.<\/a><\/p>","protected":false},"excerpt":{"rendered":"<p>Reproduktion av ett korsstygnsbroderi fr\u00e5n Delsbo fr\u00e5n 1861.<br data-start=\"902\" data-end=\"905\" \/>Tre traditionella motiv broderas i tv\u00e5 f\u00e4rger.<\/p>","protected":false},"featured_media":1534,"comment_status":"closed","ping_status":"closed","template":"","meta":{"_crdt_document":""},"product_brand":[],"product_cat":[59,27],"product_tag":[],"class_list":{"0":"post-1525","1":"product","2":"type-product","3":"status-publish","4":"has-post-thumbnail","6":"product_cat-gratis","7":"product_cat-korsstygn","9":"first","10":"instock","11":"downloadable","12":"virtual","13":"purchasable","14":"product-type-simple"},"yoast_head":"<!-- This site is optimized with the Yoast SEO Premium plugin v27.1 (Yoast SEO v27.1.1) - https:\/\/yoast.com\/product\/yoast-seo-premium-wordpress\/ -->\n<title>Gratis m\u00f6nster: Bonad fr\u00e5n 1861 - Carolinas Broderi<\/title>\n<meta name=\"description\" content=\"M\u00f6nster efter en bonad i korsstygn fr\u00e5n Delsbo, sydd 1861. Broderas med hela korsstygn i tv\u00e5 f\u00e4rger.\" \/>\n<meta name=\"robots\" content=\"index, follow, max-snippet:-1, max-image-preview:large, max-video-preview:-1\" \/>\n<link rel=\"canonical\" href=\"https:\/\/carolinasbroderi.se\/en\/product\/bonad-fran-1861\/\" \/>\n<meta property=\"og:locale\" content=\"en_US\" \/>\n<meta property=\"og:type\" content=\"article\" \/>\n<meta property=\"og:title\" content=\"Gratis m\u00f6nster: Bonad fr\u00e5n 1861\" \/>\n<meta property=\"og:description\" content=\"M\u00f6nster efter en bonad i korsstygn fr\u00e5n Delsbo, sydd 1861. Broderas med hela korsstygn i tv\u00e5 f\u00e4rger.\" \/>\n<meta property=\"og:url\" content=\"https:\/\/carolinasbroderi.se\/en\/product\/bonad-fran-1861\/\" \/>\n<meta property=\"og:site_name\" content=\"Carolinas Broderi\" \/>\n<meta property=\"article:publisher\" content=\"https:\/\/www.facebook.com\/carolinasbroderi\" \/>\n<meta property=\"article:modified_time\" content=\"2026-03-15T06:25:55+00:00\" \/>\n<meta property=\"og:image\" content=\"https:\/\/carolinasbroderi.se\/wp-content\/uploads\/2023\/12\/1861-30x30-800.png\" \/>\n\t<meta property=\"og:image:width\" content=\"800\" \/>\n\t<meta property=\"og:image:height\" content=\"800\" \/>\n\t<meta property=\"og:image:type\" content=\"image\/png\" \/>\n<meta name=\"twitter:card\" content=\"summary_large_image\" \/>\n<meta name=\"twitter:site\" content=\"@carrosbroderi\" \/>\n<meta name=\"twitter:label1\" content=\"Price\" \/>\n\t<meta name=\"twitter:data1\" content=\"0&nbsp;&#107;&#114;\" \/>\n\t<meta name=\"twitter:label2\" content=\"Availability\" \/>\n\t<meta name=\"twitter:data2\" content=\"In stock\" \/>\n<script type=\"application\/ld+json\" class=\"yoast-schema-graph\">{\"@context\":\"https:\/\/schema.org\",\"@graph\":[{\"@type\":\"WebPage\",\"@id\":\"https:\/\/carolinasbroderi.se\/produkt\/bonad-fran-1861\/\",\"url\":\"https:\/\/carolinasbroderi.se\/produkt\/bonad-fran-1861\/\",\"name\":\"Gratis m\u00f6nster: Bonad fr\u00e5n 1861 - Carolinas Broderi\",\"isPartOf\":{\"@id\":\"https:\/\/carolinasbroderi.se\/#website\"},\"primaryImageOfPage\":{\"@id\":\"https:\/\/carolinasbroderi.se\/produkt\/bonad-fran-1861\/#primaryimage\"},\"image\":{\"@id\":\"https:\/\/carolinasbroderi.se\/produkt\/bonad-fran-1861\/#primaryimage\"},\"thumbnailUrl\":\"https:\/\/carolinasbroderi.se\/wp-content\/uploads\/2023\/12\/1861-30x30-800.png\",\"datePublished\":\"2023-12-24T07:36:16+00:00\",\"dateModified\":\"2026-03-15T06:25:55+00:00\",\"description\":\"M\u00f6nster efter en bonad i korsstygn fr\u00e5n Delsbo, sydd 1861. Broderas med hela korsstygn i tv\u00e5 f\u00e4rger.\",\"breadcrumb\":{\"@id\":\"https:\/\/carolinasbroderi.se\/produkt\/bonad-fran-1861\/#breadcrumb\"},\"inLanguage\":\"en-US\",\"potentialAction\":[{\"@type\":\"ReadAction\",\"target\":[\"https:\/\/carolinasbroderi.se\/produkt\/bonad-fran-1861\/\"]}]},{\"@type\":\"ImageObject\",\"inLanguage\":\"en-US\",\"@id\":\"https:\/\/carolinasbroderi.se\/produkt\/bonad-fran-1861\/#primaryimage\",\"url\":\"https:\/\/carolinasbroderi.se\/wp-content\/uploads\/2023\/12\/1861-30x30-800.png\",\"contentUrl\":\"https:\/\/carolinasbroderi.se\/wp-content\/uploads\/2023\/12\/1861-30x30-800.png\",\"width\":800,\"height\":800,\"caption\":\".\"},{\"@type\":\"BreadcrumbList\",\"@id\":\"https:\/\/carolinasbroderi.se\/produkt\/bonad-fran-1861\/#breadcrumb\",\"itemListElement\":[{\"@type\":\"ListItem\",\"position\":1,\"name\":\"Hem\",\"item\":\"https:\/\/carolinasbroderi.se\/\"},{\"@type\":\"ListItem\",\"position\":2,\"name\":\"Nedladdningsbara broderim\u00f6nster\",\"item\":\"https:\/\/carolinasbroderi.se\/\"},{\"@type\":\"ListItem\",\"position\":3,\"name\":\"Gratis m\u00f6nster: Bonad fr\u00e5n 1861\"}]},{\"@type\":\"WebSite\",\"@id\":\"https:\/\/carolinasbroderi.se\/#website\",\"url\":\"https:\/\/carolinasbroderi.se\/\",\"name\":\"Carolinas Broderi\",\"description\":\"Nedladdningsbara broderim\u00f6nster\",\"publisher\":{\"@id\":\"https:\/\/carolinasbroderi.se\/#organization\"},\"potentialAction\":[{\"@type\":\"SearchAction\",\"target\":{\"@type\":\"EntryPoint\",\"urlTemplate\":\"https:\/\/carolinasbroderi.se\/?s={search_term_string}\"},\"query-input\":{\"@type\":\"PropertyValueSpecification\",\"valueRequired\":true,\"valueName\":\"search_term_string\"}}],\"inLanguage\":\"en-US\"},{\"@type\":\"Organization\",\"@id\":\"https:\/\/carolinasbroderi.se\/#organization\",\"name\":\"Carolinas Broderi\",\"url\":\"https:\/\/carolinasbroderi.se\/\",\"logo\":{\"@type\":\"ImageObject\",\"inLanguage\":\"en-US\",\"@id\":\"https:\/\/carolinasbroderi.se\/#\/schema\/logo\/image\/\",\"url\":\"https:\/\/carolinasbroderi.se\/wp-content\/uploads\/2022\/07\/logo.png\",\"contentUrl\":\"https:\/\/carolinasbroderi.se\/wp-content\/uploads\/2022\/07\/logo.png\",\"width\":115,\"height\":115,\"caption\":\"Carolinas Broderi\"},\"image\":{\"@id\":\"https:\/\/carolinasbroderi.se\/#\/schema\/logo\/image\/\"},\"sameAs\":[\"https:\/\/www.facebook.com\/carolinasbroderi\",\"https:\/\/x.com\/carrosbroderi\",\"https:\/\/www.instagram.com\/carolinasbroderier\/\",\"https:\/\/www.youtube.com\/@CarolinasBroderi\",\"https:\/\/se.pinterest.com\/carolinasbroderi\/\"],\"description\":\"F\u00f6rs\u00e4ljning av broderim\u00f6nster i egen design och reproduktioner av antika m\u00f6nster\",\"email\":\"carolina@carolinasbroderi.se\",\"vatID\":\"SE791210032301\",\"taxID\":\"SE791210032301\",\"numberOfEmployees\":{\"@type\":\"QuantitativeValue\",\"minValue\":\"1\",\"maxValue\":\"10\"}}]}<\/script>\n<meta property=\"product:price:amount\" content=\"0\" \/>\n<meta property=\"product:price:currency\" content=\"SEK\" \/>\n<meta property=\"og:availability\" content=\"instock\" \/>\n<meta property=\"product:availability\" content=\"instock\" \/>\n<meta property=\"product:retailer_item_id\" content=\"013\" \/>\n<meta property=\"product:condition\" content=\"new\" \/>\n<!-- \/ Yoast SEO Premium plugin. -->","yoast_head_json":{"title":"Gratis m\u00f6nster: Bonad fr\u00e5n 1861 - Carolinas Broderi","description":"M\u00f6nster efter en bonad i korsstygn fr\u00e5n Delsbo, sydd 1861. Broderas med hela korsstygn i tv\u00e5 f\u00e4rger.","robots":{"index":"index","follow":"follow","max-snippet":"max-snippet:-1","max-image-preview":"max-image-preview:large","max-video-preview":"max-video-preview:-1"},"canonical":"https:\/\/carolinasbroderi.se\/en\/product\/bonad-fran-1861\/","og_locale":"en_US","og_type":"article","og_title":"Gratis m\u00f6nster: Bonad fr\u00e5n 1861","og_description":"M\u00f6nster efter en bonad i korsstygn fr\u00e5n Delsbo, sydd 1861. Broderas med hela korsstygn i tv\u00e5 f\u00e4rger.","og_url":"https:\/\/carolinasbroderi.se\/en\/product\/bonad-fran-1861\/","og_site_name":"Carolinas Broderi","article_publisher":"https:\/\/www.facebook.com\/carolinasbroderi","article_modified_time":"2026-03-15T06:25:55+00:00","og_image":[{"width":800,"height":800,"url":"https:\/\/carolinasbroderi.se\/wp-content\/uploads\/2023\/12\/1861-30x30-800.png","type":"image\/png"}],"twitter_card":"summary_large_image","twitter_site":"@carrosbroderi","twitter_misc":{"Price":"0&nbsp;&#107;&#114;","Availability":"In stock"},"schema":{"@context":"https:\/\/schema.org","@graph":[{"@type":"WebPage","@id":"https:\/\/carolinasbroderi.se\/produkt\/bonad-fran-1861\/","url":"https:\/\/carolinasbroderi.se\/produkt\/bonad-fran-1861\/","name":"Gratis m\u00f6nster: Bonad fr\u00e5n 1861 - Carolinas Broderi","isPartOf":{"@id":"https:\/\/carolinasbroderi.se\/#website"},"primaryImageOfPage":{"@id":"https:\/\/carolinasbroderi.se\/produkt\/bonad-fran-1861\/#primaryimage"},"image":{"@id":"https:\/\/carolinasbroderi.se\/produkt\/bonad-fran-1861\/#primaryimage"},"thumbnailUrl":"https:\/\/carolinasbroderi.se\/wp-content\/uploads\/2023\/12\/1861-30x30-800.png","datePublished":"2023-12-24T07:36:16+00:00","dateModified":"2026-03-15T06:25:55+00:00","description":"M\u00f6nster efter en bonad i korsstygn fr\u00e5n Delsbo, sydd 1861. Broderas med hela korsstygn i tv\u00e5 f\u00e4rger.","breadcrumb":{"@id":"https:\/\/carolinasbroderi.se\/produkt\/bonad-fran-1861\/#breadcrumb"},"inLanguage":"en-US","potentialAction":[{"@type":"ReadAction","target":["https:\/\/carolinasbroderi.se\/produkt\/bonad-fran-1861\/"]}]},{"@type":"ImageObject","inLanguage":"en-US","@id":"https:\/\/carolinasbroderi.se\/produkt\/bonad-fran-1861\/#primaryimage","url":"https:\/\/carolinasbroderi.se\/wp-content\/uploads\/2023\/12\/1861-30x30-800.png","contentUrl":"https:\/\/carolinasbroderi.se\/wp-content\/uploads\/2023\/12\/1861-30x30-800.png","width":800,"height":800,"caption":"."},{"@type":"BreadcrumbList","@id":"https:\/\/carolinasbroderi.se\/produkt\/bonad-fran-1861\/#breadcrumb","itemListElement":[{"@type":"ListItem","position":1,"name":"Hem","item":"https:\/\/carolinasbroderi.se\/"},{"@type":"ListItem","position":2,"name":"Nedladdningsbara broderim\u00f6nster","item":"https:\/\/carolinasbroderi.se\/"},{"@type":"ListItem","position":3,"name":"Gratis m\u00f6nster: Bonad fr\u00e5n 1861"}]},{"@type":"WebSite","@id":"https:\/\/carolinasbroderi.se\/#website","url":"https:\/\/carolinasbroderi.se\/","name":"Carolinas Broderi","description":"Downloadable embroidery patterns","publisher":{"@id":"https:\/\/carolinasbroderi.se\/#organization"},"potentialAction":[{"@type":"SearchAction","target":{"@type":"EntryPoint","urlTemplate":"https:\/\/carolinasbroderi.se\/?s={search_term_string}"},"query-input":{"@type":"PropertyValueSpecification","valueRequired":true,"valueName":"search_term_string"}}],"inLanguage":"en-US"},{"@type":"Organization","@id":"https:\/\/carolinasbroderi.se\/#organization","name":"Carolinas Broderi","url":"https:\/\/carolinasbroderi.se\/","logo":{"@type":"ImageObject","inLanguage":"en-US","@id":"https:\/\/carolinasbroderi.se\/#\/schema\/logo\/image\/","url":"https:\/\/carolinasbroderi.se\/wp-content\/uploads\/2022\/07\/logo.png","contentUrl":"https:\/\/carolinasbroderi.se\/wp-content\/uploads\/2022\/07\/logo.png","width":115,"height":115,"caption":"Carolinas Broderi"},"image":{"@id":"https:\/\/carolinasbroderi.se\/#\/schema\/logo\/image\/"},"sameAs":["https:\/\/www.facebook.com\/carolinasbroderi","https:\/\/x.com\/carrosbroderi","https:\/\/www.instagram.com\/carolinasbroderier\/","https:\/\/www.youtube.com\/@CarolinasBroderi","https:\/\/se.pinterest.com\/carolinasbroderi\/"],"description":"F\u00f6rs\u00e4ljning av broderim\u00f6nster i egen design och reproduktioner av antika m\u00f6nster","email":"carolina@carolinasbroderi.se","vatID":"SE791210032301","taxID":"SE791210032301","numberOfEmployees":{"@type":"QuantitativeValue","minValue":"1","maxValue":"10"}}]},"product_price_currency":"SEK","og_availability":"instock","product_availability":"instock","product_retailer_item_id":"013","product_condition":"new"},"_links":{"self":[{"href":"https:\/\/carolinasbroderi.se\/en\/wp-json\/wp\/v2\/product\/1525","targetHints":{"allow":["GET"]}}],"collection":[{"href":"https:\/\/carolinasbroderi.se\/en\/wp-json\/wp\/v2\/product"}],"about":[{"href":"https:\/\/carolinasbroderi.se\/en\/wp-json\/wp\/v2\/types\/product"}],"replies":[{"embeddable":true,"href":"https:\/\/carolinasbroderi.se\/en\/wp-json\/wp\/v2\/comments?post=1525"}],"wp:featuredmedia":[{"embeddable":true,"href":"https:\/\/carolinasbroderi.se\/en\/wp-json\/wp\/v2\/media\/1534"}],"wp:attachment":[{"href":"https:\/\/carolinasbroderi.se\/en\/wp-json\/wp\/v2\/media?parent=1525"}],"wp:term":[{"taxonomy":"product_brand","embeddable":true,"href":"https:\/\/carolinasbroderi.se\/en\/wp-json\/wp\/v2\/product_brand?post=1525"},{"taxonomy":"product_cat","embeddable":true,"href":"https:\/\/carolinasbroderi.se\/en\/wp-json\/wp\/v2\/product_cat?post=1525"},{"taxonomy":"product_tag","embeddable":true,"href":"https:\/\/carolinasbroderi.se\/en\/wp-json\/wp\/v2\/product_tag?post=1525"}],"curies":[{"name":"wp","href":"https:\/\/api.w.org\/{rel}","templated":true}]}}