{"id":1410,"date":"2023-12-20T04:54:19","date_gmt":"2023-12-20T03:54:19","guid":{"rendered":"https:\/\/carolinasbroderi.se\/?post_type=product&#038;p=1410"},"modified":"2026-04-06T14:48:57","modified_gmt":"2026-04-06T12:48:57","slug":"markduk-fran-1783","status":"publish","type":"product","link":"https:\/\/carolinasbroderi.se\/en\/product\/markduk-fran-1783\/","title":{"rendered":"Sampler from 1783"},"content":{"rendered":"<p>Pattern based on a Swedish sampler marked AEWS NWS AIW SMMB 1783.<\/p>\n<p>Apart from the initials, nothing is known about who embroidered the sampler or where it's from.<br \/>\nThe embroidery features a charming alphabet where the embroiderer ran out of space and had to continue the letters on another row.<br \/>\nThe piece also includes four simple borders, a dog, flowers, and several different crowns.<\/p>\n<p>Embroidered on white or unbleached linen or Aida using full cross stitches in 11 colors.<br \/>\nStitched over 2 with 2 threads.<br \/>\nThe pattern\u2019s colour chart uses DMC Moulin\u00e9 Sp\u00e9cial 25.<\/p>\n<h3 class=\"wp-block-heading has-medium-font-size\" style=\"font-style: italic; font-weight: 600;\">The ZIP file includes:<\/h3>\n<ul>\n<li>Complete pattern in color and grayscale<\/li>\n<li>Color key<\/li>\n<li>Instructions<\/li>\n<\/ul>","protected":false},"excerpt":{"rendered":"<p>Cross stitch pattern after a Swedish sampler from 1783.<br data-start=\"1086\" data-end=\"1089\" \/>The embroidery includes a charming alphabet, borders,<br \/>\nflowers, crowns, and a small dog.<\/p>","protected":false},"featured_media":1535,"comment_status":"closed","ping_status":"closed","template":"","meta":{"_crdt_document":""},"product_brand":[],"product_cat":[27,43,49],"product_tag":[],"class_list":{"0":"post-1410","1":"product","2":"type-product","3":"status-publish","4":"has-post-thumbnail","6":"product_cat-korsstygn","7":"product_cat-markdukar","8":"product_cat-reproduktioner","10":"first","11":"instock","12":"downloadable","13":"virtual","14":"taxable","15":"purchasable","16":"product-type-simple"},"yoast_head":"<!-- This site is optimized with the Yoast SEO Premium plugin v27.3 (Yoast SEO v27.3) - https:\/\/yoast.com\/product\/yoast-seo-premium-wordpress\/ -->\n<title>M\u00e4rkduk fr\u00e5n 1783 - Carolinas Broderi<\/title>\n<meta name=\"description\" content=\"M\u00f6nster efter en svensk m\u00e4rkduk fr\u00e5n 1783.\" \/>\n<meta name=\"robots\" content=\"index, follow, max-snippet:-1, max-image-preview:large, max-video-preview:-1\" \/>\n<link rel=\"canonical\" href=\"https:\/\/carolinasbroderi.se\/en\/product\/markduk-fran-1783\/\" \/>\n<meta property=\"og:locale\" content=\"en_US\" \/>\n<meta property=\"og:type\" content=\"article\" \/>\n<meta property=\"og:title\" content=\"M\u00e4rkduk fr\u00e5n 1783\" \/>\n<meta property=\"og:description\" content=\"M\u00f6nster efter en svensk m\u00e4rkduk fr\u00e5n 1783.\" \/>\n<meta property=\"og:url\" content=\"https:\/\/carolinasbroderi.se\/en\/product\/markduk-fran-1783\/\" \/>\n<meta property=\"og:site_name\" content=\"Carolinas Broderi\" \/>\n<meta property=\"article:publisher\" content=\"https:\/\/www.facebook.com\/carolinasbroderi\" \/>\n<meta property=\"article:modified_time\" content=\"2026-04-06T12:48:57+00:00\" \/>\n<meta property=\"og:image\" content=\"https:\/\/carolinasbroderi.se\/wp-content\/uploads\/2023\/12\/1783-40x20-800.png\" \/>\n\t<meta property=\"og:image:width\" content=\"800\" \/>\n\t<meta property=\"og:image:height\" content=\"800\" \/>\n\t<meta property=\"og:image:type\" content=\"image\/png\" \/>\n<meta name=\"twitter:card\" content=\"summary_large_image\" \/>\n<meta name=\"twitter:site\" content=\"@carrosbroderi\" \/>\n<meta name=\"twitter:label1\" content=\"Price\" \/>\n\t<meta name=\"twitter:data1\" content=\"55&nbsp;&#107;&#114;\" \/>\n\t<meta name=\"twitter:label2\" content=\"Availability\" \/>\n\t<meta name=\"twitter:data2\" content=\"In stock\" \/>\n<script type=\"application\/ld+json\" class=\"yoast-schema-graph\">{\"@context\":\"https:\\\/\\\/schema.org\",\"@graph\":[{\"@type\":\"WebPage\",\"@id\":\"https:\\\/\\\/carolinasbroderi.se\\\/produkt\\\/markduk-fran-1783\\\/\",\"url\":\"https:\\\/\\\/carolinasbroderi.se\\\/produkt\\\/markduk-fran-1783\\\/\",\"name\":\"M\u00e4rkduk fr\u00e5n 1783 - Carolinas Broderi\",\"isPartOf\":{\"@id\":\"https:\\\/\\\/carolinasbroderi.se\\\/#website\"},\"primaryImageOfPage\":{\"@id\":\"https:\\\/\\\/carolinasbroderi.se\\\/produkt\\\/markduk-fran-1783\\\/#primaryimage\"},\"image\":{\"@id\":\"https:\\\/\\\/carolinasbroderi.se\\\/produkt\\\/markduk-fran-1783\\\/#primaryimage\"},\"thumbnailUrl\":\"https:\\\/\\\/carolinasbroderi.se\\\/wp-content\\\/uploads\\\/2023\\\/12\\\/1783-40x20-800.png\",\"datePublished\":\"2023-12-20T03:54:19+00:00\",\"dateModified\":\"2026-04-06T12:48:57+00:00\",\"description\":\"M\u00f6nster efter en svensk m\u00e4rkduk fr\u00e5n 1783.\",\"breadcrumb\":{\"@id\":\"https:\\\/\\\/carolinasbroderi.se\\\/produkt\\\/markduk-fran-1783\\\/#breadcrumb\"},\"inLanguage\":\"en-US\",\"potentialAction\":[{\"@type\":\"ReadAction\",\"target\":[\"https:\\\/\\\/carolinasbroderi.se\\\/produkt\\\/markduk-fran-1783\\\/\"]}]},{\"@type\":\"ImageObject\",\"inLanguage\":\"en-US\",\"@id\":\"https:\\\/\\\/carolinasbroderi.se\\\/produkt\\\/markduk-fran-1783\\\/#primaryimage\",\"url\":\"https:\\\/\\\/carolinasbroderi.se\\\/wp-content\\\/uploads\\\/2023\\\/12\\\/1783-40x20-800.png\",\"contentUrl\":\"https:\\\/\\\/carolinasbroderi.se\\\/wp-content\\\/uploads\\\/2023\\\/12\\\/1783-40x20-800.png\",\"width\":800,\"height\":800,\"caption\":\"M\u00e4rkduk fr\u00e5n 1783.\"},{\"@type\":\"BreadcrumbList\",\"@id\":\"https:\\\/\\\/carolinasbroderi.se\\\/produkt\\\/markduk-fran-1783\\\/#breadcrumb\",\"itemListElement\":[{\"@type\":\"ListItem\",\"position\":1,\"name\":\"Hem\",\"item\":\"https:\\\/\\\/carolinasbroderi.se\\\/\"},{\"@type\":\"ListItem\",\"position\":2,\"name\":\"Ladda ner ett m\u00f6nster och b\u00f6rja brodera direkt\",\"item\":\"https:\\\/\\\/carolinasbroderi.se\\\/\"},{\"@type\":\"ListItem\",\"position\":3,\"name\":\"M\u00e4rkduk fr\u00e5n 1783\"}]},{\"@type\":\"WebSite\",\"@id\":\"https:\\\/\\\/carolinasbroderi.se\\\/#website\",\"url\":\"https:\\\/\\\/carolinasbroderi.se\\\/\",\"name\":\"Carolinas Broderi\",\"description\":\"Nedladdningsbara broderim\u00f6nster\",\"publisher\":{\"@id\":\"https:\\\/\\\/carolinasbroderi.se\\\/#organization\"},\"potentialAction\":[{\"@type\":\"SearchAction\",\"target\":{\"@type\":\"EntryPoint\",\"urlTemplate\":\"https:\\\/\\\/carolinasbroderi.se\\\/?s={search_term_string}\"},\"query-input\":{\"@type\":\"PropertyValueSpecification\",\"valueRequired\":true,\"valueName\":\"search_term_string\"}}],\"inLanguage\":\"en-US\"},{\"@type\":\"Organization\",\"@id\":\"https:\\\/\\\/carolinasbroderi.se\\\/#organization\",\"name\":\"Carolinas Broderi\",\"url\":\"https:\\\/\\\/carolinasbroderi.se\\\/\",\"logo\":{\"@type\":\"ImageObject\",\"inLanguage\":\"en-US\",\"@id\":\"https:\\\/\\\/carolinasbroderi.se\\\/#\\\/schema\\\/logo\\\/image\\\/\",\"url\":\"https:\\\/\\\/carolinasbroderi.se\\\/wp-content\\\/uploads\\\/2022\\\/07\\\/logo.png\",\"contentUrl\":\"https:\\\/\\\/carolinasbroderi.se\\\/wp-content\\\/uploads\\\/2022\\\/07\\\/logo.png\",\"width\":115,\"height\":115,\"caption\":\"Carolinas Broderi\"},\"image\":{\"@id\":\"https:\\\/\\\/carolinasbroderi.se\\\/#\\\/schema\\\/logo\\\/image\\\/\"},\"sameAs\":[\"https:\\\/\\\/www.facebook.com\\\/carolinasbroderi\",\"https:\\\/\\\/x.com\\\/carrosbroderi\",\"https:\\\/\\\/www.instagram.com\\\/carolinasbroderier\\\/\",\"https:\\\/\\\/www.youtube.com\\\/@CarolinasBroderi\",\"https:\\\/\\\/se.pinterest.com\\\/carolinasbroderi\\\/\"],\"description\":\"F\u00f6rs\u00e4ljning av broderim\u00f6nster i egen design och reproduktioner av antika m\u00f6nster\",\"email\":\"carolina@carolinasbroderi.se\",\"vatID\":\"SE791210032301\",\"taxID\":\"SE791210032301\",\"numberOfEmployees\":{\"@type\":\"QuantitativeValue\",\"minValue\":\"1\",\"maxValue\":\"10\"}}]}<\/script>\n<meta property=\"product:price:amount\" content=\"55\" \/>\n<meta property=\"product:price:currency\" content=\"SEK\" \/>\n<meta property=\"og:availability\" content=\"instock\" \/>\n<meta property=\"product:availability\" content=\"instock\" \/>\n<meta property=\"product:retailer_item_id\" content=\"015\" \/>\n<meta property=\"product:condition\" content=\"new\" \/>\n<!-- \/ Yoast SEO Premium plugin. -->","yoast_head_json":{"title":"M\u00e4rkduk fr\u00e5n 1783 - Carolinas Broderi","description":"M\u00f6nster efter en svensk m\u00e4rkduk fr\u00e5n 1783.","robots":{"index":"index","follow":"follow","max-snippet":"max-snippet:-1","max-image-preview":"max-image-preview:large","max-video-preview":"max-video-preview:-1"},"canonical":"https:\/\/carolinasbroderi.se\/en\/product\/markduk-fran-1783\/","og_locale":"en_US","og_type":"article","og_title":"M\u00e4rkduk fr\u00e5n 1783","og_description":"M\u00f6nster efter en svensk m\u00e4rkduk fr\u00e5n 1783.","og_url":"https:\/\/carolinasbroderi.se\/en\/product\/markduk-fran-1783\/","og_site_name":"Carolinas Broderi","article_publisher":"https:\/\/www.facebook.com\/carolinasbroderi","article_modified_time":"2026-04-06T12:48:57+00:00","og_image":[{"width":800,"height":800,"url":"https:\/\/carolinasbroderi.se\/wp-content\/uploads\/2023\/12\/1783-40x20-800.png","type":"image\/png"}],"twitter_card":"summary_large_image","twitter_site":"@carrosbroderi","twitter_misc":{"Price":"55&nbsp;&#107;&#114;","Availability":"In stock"},"schema":{"@context":"https:\/\/schema.org","@graph":[{"@type":"WebPage","@id":"https:\/\/carolinasbroderi.se\/produkt\/markduk-fran-1783\/","url":"https:\/\/carolinasbroderi.se\/produkt\/markduk-fran-1783\/","name":"M\u00e4rkduk fr\u00e5n 1783 - Carolinas Broderi","isPartOf":{"@id":"https:\/\/carolinasbroderi.se\/#website"},"primaryImageOfPage":{"@id":"https:\/\/carolinasbroderi.se\/produkt\/markduk-fran-1783\/#primaryimage"},"image":{"@id":"https:\/\/carolinasbroderi.se\/produkt\/markduk-fran-1783\/#primaryimage"},"thumbnailUrl":"https:\/\/carolinasbroderi.se\/wp-content\/uploads\/2023\/12\/1783-40x20-800.png","datePublished":"2023-12-20T03:54:19+00:00","dateModified":"2026-04-06T12:48:57+00:00","description":"M\u00f6nster efter en svensk m\u00e4rkduk fr\u00e5n 1783.","breadcrumb":{"@id":"https:\/\/carolinasbroderi.se\/produkt\/markduk-fran-1783\/#breadcrumb"},"inLanguage":"en-US","potentialAction":[{"@type":"ReadAction","target":["https:\/\/carolinasbroderi.se\/produkt\/markduk-fran-1783\/"]}]},{"@type":"ImageObject","inLanguage":"en-US","@id":"https:\/\/carolinasbroderi.se\/produkt\/markduk-fran-1783\/#primaryimage","url":"https:\/\/carolinasbroderi.se\/wp-content\/uploads\/2023\/12\/1783-40x20-800.png","contentUrl":"https:\/\/carolinasbroderi.se\/wp-content\/uploads\/2023\/12\/1783-40x20-800.png","width":800,"height":800,"caption":"M\u00e4rkduk fr\u00e5n 1783."},{"@type":"BreadcrumbList","@id":"https:\/\/carolinasbroderi.se\/produkt\/markduk-fran-1783\/#breadcrumb","itemListElement":[{"@type":"ListItem","position":1,"name":"Hem","item":"https:\/\/carolinasbroderi.se\/"},{"@type":"ListItem","position":2,"name":"Ladda ner ett m\u00f6nster och b\u00f6rja brodera direkt","item":"https:\/\/carolinasbroderi.se\/"},{"@type":"ListItem","position":3,"name":"M\u00e4rkduk fr\u00e5n 1783"}]},{"@type":"WebSite","@id":"https:\/\/carolinasbroderi.se\/#website","url":"https:\/\/carolinasbroderi.se\/","name":"Carolinas Broderi","description":"Downloadable embroidery patterns","publisher":{"@id":"https:\/\/carolinasbroderi.se\/#organization"},"potentialAction":[{"@type":"SearchAction","target":{"@type":"EntryPoint","urlTemplate":"https:\/\/carolinasbroderi.se\/?s={search_term_string}"},"query-input":{"@type":"PropertyValueSpecification","valueRequired":true,"valueName":"search_term_string"}}],"inLanguage":"en-US"},{"@type":"Organization","@id":"https:\/\/carolinasbroderi.se\/#organization","name":"Carolinas Broderi","url":"https:\/\/carolinasbroderi.se\/","logo":{"@type":"ImageObject","inLanguage":"en-US","@id":"https:\/\/carolinasbroderi.se\/#\/schema\/logo\/image\/","url":"https:\/\/carolinasbroderi.se\/wp-content\/uploads\/2022\/07\/logo.png","contentUrl":"https:\/\/carolinasbroderi.se\/wp-content\/uploads\/2022\/07\/logo.png","width":115,"height":115,"caption":"Carolinas Broderi"},"image":{"@id":"https:\/\/carolinasbroderi.se\/#\/schema\/logo\/image\/"},"sameAs":["https:\/\/www.facebook.com\/carolinasbroderi","https:\/\/x.com\/carrosbroderi","https:\/\/www.instagram.com\/carolinasbroderier\/","https:\/\/www.youtube.com\/@CarolinasBroderi","https:\/\/se.pinterest.com\/carolinasbroderi\/"],"description":"F\u00f6rs\u00e4ljning av broderim\u00f6nster i egen design och reproduktioner av antika m\u00f6nster","email":"carolina@carolinasbroderi.se","vatID":"SE791210032301","taxID":"SE791210032301","numberOfEmployees":{"@type":"QuantitativeValue","minValue":"1","maxValue":"10"}}]},"product_price_amount":"55","product_price_currency":"SEK","og_availability":"instock","product_availability":"instock","product_retailer_item_id":"015","product_condition":"new"},"_links":{"self":[{"href":"https:\/\/carolinasbroderi.se\/en\/wp-json\/wp\/v2\/product\/1410","targetHints":{"allow":["GET"]}}],"collection":[{"href":"https:\/\/carolinasbroderi.se\/en\/wp-json\/wp\/v2\/product"}],"about":[{"href":"https:\/\/carolinasbroderi.se\/en\/wp-json\/wp\/v2\/types\/product"}],"replies":[{"embeddable":true,"href":"https:\/\/carolinasbroderi.se\/en\/wp-json\/wp\/v2\/comments?post=1410"}],"wp:featuredmedia":[{"embeddable":true,"href":"https:\/\/carolinasbroderi.se\/en\/wp-json\/wp\/v2\/media\/1535"}],"wp:attachment":[{"href":"https:\/\/carolinasbroderi.se\/en\/wp-json\/wp\/v2\/media?parent=1410"}],"wp:term":[{"taxonomy":"product_brand","embeddable":true,"href":"https:\/\/carolinasbroderi.se\/en\/wp-json\/wp\/v2\/product_brand?post=1410"},{"taxonomy":"product_cat","embeddable":true,"href":"https:\/\/carolinasbroderi.se\/en\/wp-json\/wp\/v2\/product_cat?post=1410"},{"taxonomy":"product_tag","embeddable":true,"href":"https:\/\/carolinasbroderi.se\/en\/wp-json\/wp\/v2\/product_tag?post=1410"}],"curies":[{"name":"wp","href":"https:\/\/api.w.org\/{rel}","templated":true}]}}